{"id":1065,"date":"2019-01-21T20:47:45","date_gmt":"2019-01-21T20:47:45","guid":{"rendered":"https:\/\/frosio.no\/no\/?page_id=1065"},"modified":"2019-03-01T21:00:22","modified_gmt":"2019-03-01T21:00:22","slug":"anker-og-klager","status":"publish","type":"page","link":"https:\/\/frosio.no\/no\/anker-og-klager\/","title":{"rendered":"Anker og klager"},"content":{"rendered":"\n<style type=\"text\/css\" data-created_by=\"avia_inline_auto\" id=\"style-css-av-oferbt-9dfd514fbc4af4e82341103bc03ab3be\">\n.flex_column.av-oferbt-9dfd514fbc4af4e82341103bc03ab3be{\nborder-radius:0px 0px 0px 0px;\npadding:0px 0px 0px 0px;\n}\n<\/style>\n<div  class='flex_column av-oferbt-9dfd514fbc4af4e82341103bc03ab3be av_two_third  avia-builder-el-0  avia-builder-el-no-sibling  first flex_column_div av-zero-column-padding  '     ><p>\n<style type=\"text\/css\" data-created_by=\"avia_inline_auto\" id=\"style-css-av-av_heading-423439bca44831908025f34efb16a456\">\n#top .av-special-heading.av-av_heading-423439bca44831908025f34efb16a456{\npadding-bottom:10px;\n}\nbody .av-special-heading.av-av_heading-423439bca44831908025f34efb16a456 .av-special-heading-tag .heading-char{\nfont-size:25px;\n}\n.av-special-heading.av-av_heading-423439bca44831908025f34efb16a456 .av-subheading{\nfont-size:15px;\n}\n<\/style>\n<div  class='av-special-heading av-av_heading-423439bca44831908025f34efb16a456 av-special-heading-h3  avia-builder-el-1  el_before_av_textblock  avia-builder-el-first '><h3 class='av-special-heading-tag '  itemprop=\"headline\"  >Registrering og behandling av anker<\/h3><div class=\"special-heading-border\"><div class=\"special-heading-inner-border\"><\/div><\/div><\/div><br \/>\n<section  class='av_textblock_section av-jr6sertp-ad2ba905542ee6818cc5338b4373efb1 '   itemscope=\"itemscope\" itemtype=\"https:\/\/schema.org\/CreativeWork\" ><div class='avia_textblock'  itemprop=\"text\" ><p>Form\u00e5let med prosedyren er \u00e5 sikre at alle anker blir behandlet p\u00e5 en konstruktiv og upartisk m\u00e5te.<\/p>\n<\/div><\/section><br \/>\n\n<style type=\"text\/css\" data-created_by=\"avia_inline_auto\" id=\"style-css-av-jr6slyg5-54082d9894af86e5c95faf551c63f05a\">\n.avia-timeline-container.av-jr6slyg5-54082d9894af86e5c95faf551c63f05a .av-milestone-icon-inner{\nbackground-color:#7bb0e7;\n}\n.avia-timeline-container.av-jr6slyg5-54082d9894af86e5c95faf551c63f05a .av-milestone-indicator{\nbackground-color:#7bb0e7;\n}\n.avia-timeline-container.av-jr6slyg5-54082d9894af86e5c95faf551c63f05a .av-milestone-article-footer{\nbackground-color:#7bb0e7;\n}\n<\/style>\n<div  id=\"avia-timeline-1\"  class='avia-timeline-container av-jr6slyg5-54082d9894af86e5c95faf551c63f05a av-slideshow-ui  avia-builder-el-3  el_after_av_textblock  el_before_av_heading ' ><ul class='avia-timeline avia-timeline-vertical av-milestone-placement-left avia-timeline-boxshadow avia_animate_when_almost_visible avia-timeline-animate'>\n<li  class='av-milestone av-av_timeline_item-e75990609acced3717891193ab3e5468 av-animated-generic fade-in av-milestone-valign-baseline av-milestone-odd'><h2 class='av-milestone-date ' id='milestone-1' ><strong>1<span class='av-milestone-indicator'><\/span><\/strong><\/h2><div class=\"av-milestone-icon-wrap\"><span class='av-milestone-icon milestone_icon avia-font-entypo-fontello'><span class='av-milestone-icon-inner milestone_inner'><i class='milestone-char avia-iconfont avia-font-entypo-fontello' data-av_icon='\ue823' data-av_iconfont='entypo-fontello' ><\/i><\/span><\/span><\/div><article class='av-milestone-content-wrap'><div class='av-milestone-contentbox'><header class=\"entry-content-header\" aria-label=\"Milestone: Sekretariatet\"><h4 class='av-milestone-title '>Sekretariatet<\/h4><\/header><div class='av-milestone-content'><p>Mottar den skriftlige anken fra person som er i eller har avsluttet godkjennings- eller sertifiseringsprosessen.<\/p>\n<\/div><\/div><footer class='av-milestone-article-footer entry-footer'><\/footer><\/article><\/li>\n<li  class='av-milestone av-av_timeline_item-eaf077587967e0ba0e7aa1e8497a234d av-animated-generic fade-in av-milestone-valign-baseline av-milestone-even'><h2 class='av-milestone-date ' id='milestone-2' ><strong>2<span class='av-milestone-indicator'><\/span><\/strong><\/h2><div class=\"av-milestone-icon-wrap\"><span class='av-milestone-icon milestone_icon avia-font-entypo-fontello'><span class='av-milestone-icon-inner milestone_inner'><i class='milestone-char avia-iconfont avia-font-entypo-fontello' data-av_icon='\ue836' data-av_iconfont='entypo-fontello' ><\/i><\/span><\/span><\/div><article class='av-milestone-content-wrap'><div class='av-milestone-contentbox'><header class=\"entry-content-header\" aria-label=\"Milestone: Sekretariatet\"><h4 class='av-milestone-title '>Sekretariatet<\/h4><\/header><div class='av-milestone-content'><p>Registrerer anken i et eget system for ankebehandling<\/p>\n<\/div><\/div><footer class='av-milestone-article-footer entry-footer'><\/footer><\/article><\/li>\n<li  class='av-milestone av-av_timeline_item-2c42fc3be08d19a9e3bbc581825feec9 av-animated-generic fade-in av-milestone-valign-baseline av-milestone-odd'><h2 class='av-milestone-date ' id='milestone-3' ><strong>3<span class='av-milestone-indicator'><\/span><\/strong><\/h2><div class=\"av-milestone-icon-wrap\"><span class='av-milestone-icon milestone_icon avia-font-entypo-fontello'><span class='av-milestone-icon-inner milestone_inner'><i class='milestone-char avia-iconfont avia-font-entypo-fontello' data-av_icon='\ue844' data-av_iconfont='entypo-fontello' ><\/i><\/span><\/span><\/div><article class='av-milestone-content-wrap'><div class='av-milestone-contentbox'><header class=\"entry-content-header\" aria-label=\"Milestone: Sekretariatet\"><h4 class='av-milestone-title '>Sekretariatet<\/h4><\/header><div class='av-milestone-content'><p>Bekrefter mottatt anke med svarfrist for avgj\u00f8relse.<\/p>\n<\/div><\/div><footer class='av-milestone-article-footer entry-footer'><\/footer><\/article><\/li>\n<li  class='av-milestone av-av_timeline_item-5c5cfde646c55647589070afdd2395c4 av-animated-generic fade-in av-milestone-valign-baseline av-milestone-even'><h2 class='av-milestone-date ' id='milestone-4' ><strong>4<span class='av-milestone-indicator'><\/span><\/strong><\/h2><div class=\"av-milestone-icon-wrap\"><span class='av-milestone-icon milestone_icon avia-font-entypo-fontello'><span class='av-milestone-icon-inner milestone_inner'><i class='milestone-char avia-iconfont avia-font-entypo-fontello' data-av_icon='\ue849' data-av_iconfont='entypo-fontello' ><\/i><\/span><\/span><\/div><article class='av-milestone-content-wrap'><div class='av-milestone-contentbox'><header class=\"entry-content-header\" aria-label=\"Milestone: Sekretariatet\"><h4 class='av-milestone-title '>Sekretariatet<\/h4><\/header><div class='av-milestone-content'><p>Anker behandles avhengig av type:<\/p>\n<ol>\n<li>a) Anke p\u00e5 resultat<\/li>\n<li>b) Anke p\u00e5 niv\u00e5<\/li>\n<\/ol>\n<\/div><\/div><footer class='av-milestone-article-footer entry-footer'><\/footer><\/article><\/li>\n<li  class='av-milestone av-av_timeline_item-b48167e899e69e97790ff6f662be625d av-animated-generic fade-in av-milestone-valign-baseline av-milestone-odd'><h2 class='av-milestone-date ' id='milestone-5' ><strong>5<span class='av-milestone-indicator'><\/span><\/strong><\/h2><div class=\"av-milestone-icon-wrap\"><span class='av-milestone-icon milestone_icon avia-font-entypo-fontello'><span class='av-milestone-icon-inner milestone_inner'><i class='milestone-char avia-iconfont avia-font-entypo-fontello' data-av_icon='\ue849' data-av_iconfont='entypo-fontello' ><\/i><\/span><\/span><\/div><article class='av-milestone-content-wrap'><div class='av-milestone-contentbox'><header class=\"entry-content-header\" aria-label=\"Milestone: Daglig leder, eller medlem av   eksamenskomiteen\"><h4 class='av-milestone-title '>Daglig leder, eller medlem av   eksamenskomiteen<\/h4><\/header><div class='av-milestone-content'><p>a) Behandling av anker p\u00e5 resultat gis ny bed\u00f8mming av relevant eksamen.<\/p>\n<\/div><\/div><footer class='av-milestone-article-footer entry-footer'><\/footer><\/article><\/li>\n<li  class='av-milestone av-av_timeline_item-c7a387a64a2a775829109ca6eb14f255 av-animated-generic fade-in av-milestone-valign-baseline av-milestone-even'><h2 class='av-milestone-date ' id='milestone-6' ><strong>6<span class='av-milestone-indicator'><\/span><\/strong><\/h2><div class=\"av-milestone-icon-wrap\"><span class='av-milestone-icon milestone_icon avia-font-entypo-fontello'><span class='av-milestone-icon-inner milestone_inner'><i class='milestone-char avia-iconfont avia-font-entypo-fontello' data-av_icon='\ue849' data-av_iconfont='entypo-fontello' ><\/i><\/span><\/span><\/div><article class='av-milestone-content-wrap'><div class='av-milestone-contentbox'><header class=\"entry-content-header\" aria-label=\"Milestone: Administrasjonssekret\u00e6r\"><h4 class='av-milestone-title '>Administrasjonssekret\u00e6r<\/h4><\/header><div class='av-milestone-content'><p>b) Innhenter nye eller tilleggsopplysninger for behandling av anker p\u00e5 niv\u00e5.<\/p>\n<\/div><\/div><footer class='av-milestone-article-footer entry-footer'><\/footer><\/article><\/li>\n<li  class='av-milestone av-av_timeline_item-445c267c0244e88f1d48371e1d207725 av-animated-generic fade-in av-milestone-valign-baseline av-milestone-odd'><h2 class='av-milestone-date ' id='milestone-7' ><strong>7<span class='av-milestone-indicator'><\/span><\/strong><\/h2><div class=\"av-milestone-icon-wrap\"><span class='av-milestone-icon milestone_icon avia-font-entypo-fontello'><span class='av-milestone-icon-inner milestone_inner'><i class='milestone-char avia-iconfont avia-font-entypo-fontello' data-av_icon='\ue837' data-av_iconfont='entypo-fontello' ><\/i><\/span><\/span><\/div><article class='av-milestone-content-wrap'><div class='av-milestone-contentbox'><header class=\"entry-content-header\" aria-label=\"Milestone: Daglig leder eller administrasjonssekret\u00e6\"><h4 class='av-milestone-title '>Daglig leder eller administrasjonssekret\u00e6<\/h4><\/header><div class='av-milestone-content'><p>Avgj\u00f8relse p\u00e5 anke av resultat tas av: Daglig leder. I saker hvor daglig leder utf\u00f8rer ny bed\u00f8mming<\/p>\n<\/div><\/div><footer class='av-milestone-article-footer entry-footer'><\/footer><\/article><\/li>\n<li  class='av-milestone av-av_timeline_item-fa73d2cb587d0e1c0f1a92a6c7561992 av-animated-generic fade-in av-milestone-valign-baseline av-milestone-even'><h2 class='av-milestone-date ' id='milestone-8' ><strong>8<span class='av-milestone-indicator'><\/span><\/strong><\/h2><div class=\"av-milestone-icon-wrap\"><span class='av-milestone-icon milestone_icon avia-font-entypo-fontello'><span class='av-milestone-icon-inner milestone_inner'><i class='milestone-char avia-iconfont avia-font-entypo-fontello' data-av_icon='\ue837' data-av_iconfont='entypo-fontello' ><\/i><\/span><\/span><\/div><article class='av-milestone-content-wrap'><div class='av-milestone-contentbox'><header class=\"entry-content-header\" aria-label=\"Milestone: Daglig leder\"><h4 class='av-milestone-title '>Daglig leder<\/h4><\/header><div class='av-milestone-content'><p>Avgj\u00f8relse p\u00e5 anke av niv\u00e5 tas av Daglig leder etter opplysninger mottatt av administrasjonssekret\u00e6r.<\/p>\n<\/div><\/div><footer class='av-milestone-article-footer entry-footer'><\/footer><\/article><\/li>\n<li  class='av-milestone av-av_timeline_item-6095cd25dfeabfa2a78ba951caa55828 av-animated-generic fade-in av-milestone-valign-baseline av-milestone-odd'><h2 class='av-milestone-date ' id='milestone-9' ><strong>9<span class='av-milestone-indicator'><\/span><\/strong><\/h2><div class=\"av-milestone-icon-wrap\"><span class='av-milestone-icon milestone_icon avia-font-entypo-fontello'><span class='av-milestone-icon-inner milestone_inner'><i class='milestone-char avia-iconfont avia-font-entypo-fontello' data-av_icon='\ue844' data-av_iconfont='entypo-fontello' ><\/i><\/span><\/span><\/div><article class='av-milestone-content-wrap'><div class='av-milestone-contentbox'><header class=\"entry-content-header\" aria-label=\"Milestone: Sekretariatet\"><h4 class='av-milestone-title '>Sekretariatet<\/h4><\/header><div class='av-milestone-content'><p>Sender skriftlig svar p\u00e5 endelig avgj\u00f8relse til person som anketmed formelt varsel om at saken er avsluttet.<\/p>\n<\/div><\/div><footer class='av-milestone-article-footer entry-footer'><\/footer><\/article><\/li>\n<\/ul><\/div><br \/>\n\n<style type=\"text\/css\" data-created_by=\"avia_inline_auto\" id=\"style-css-av-av_heading-767803456a9d2106951a30b87f254fb4\">\n#top .av-special-heading.av-av_heading-767803456a9d2106951a30b87f254fb4{\npadding-bottom:10px;\n}\nbody .av-special-heading.av-av_heading-767803456a9d2106951a30b87f254fb4 .av-special-heading-tag .heading-char{\nfont-size:25px;\n}\n.av-special-heading.av-av_heading-767803456a9d2106951a30b87f254fb4 .av-subheading{\nfont-size:15px;\n}\n<\/style>\n<div  class='av-special-heading av-av_heading-767803456a9d2106951a30b87f254fb4 av-special-heading-h3  avia-builder-el-4  el_after_av_timeline  el_before_av_textblock '><h3 class='av-special-heading-tag '  itemprop=\"headline\"  >Registrering og behandling av klager<\/h3><div class=\"special-heading-border\"><div class=\"special-heading-inner-border\"><\/div><\/div><\/div><br \/>\n<section  class='av_textblock_section av-jr6sertp-ad2ba905542ee6818cc5338b4373efb1 '   itemscope=\"itemscope\" itemtype=\"https:\/\/schema.org\/CreativeWork\" ><div class='avia_textblock'  itemprop=\"text\" ><p>Form\u00e5let med prosedyren er \u00e5 sikre at alle klager blir behandlet p\u00e5 en rettferdig og likeverdig m\u00e5te.<\/p>\n<\/div><\/section><br \/>\n\n<style type=\"text\/css\" data-created_by=\"avia_inline_auto\" id=\"style-css-av-jr6slyg5-54082d9894af86e5c95faf551c63f05a\">\n.avia-timeline-container.av-jr6slyg5-54082d9894af86e5c95faf551c63f05a .av-milestone-icon-inner{\nbackground-color:#7bb0e7;\n}\n.avia-timeline-container.av-jr6slyg5-54082d9894af86e5c95faf551c63f05a .av-milestone-indicator{\nbackground-color:#7bb0e7;\n}\n.avia-timeline-container.av-jr6slyg5-54082d9894af86e5c95faf551c63f05a .av-milestone-article-footer{\nbackground-color:#7bb0e7;\n}\n<\/style>\n<div  id=\"avia-timeline-2\"  class='avia-timeline-container av-jr6slyg5-54082d9894af86e5c95faf551c63f05a av-slideshow-ui  avia-builder-el-6  el_after_av_textblock  el_before_av_social_share ' ><ul class='avia-timeline avia-timeline-vertical av-milestone-placement-left avia-timeline-boxshadow avia_animate_when_almost_visible avia-timeline-animate'>\n<li  class='av-milestone av-b40qqx-9db9320cdae69dded4624b51ef7e3b91 av-animated-generic fade-in av-milestone-valign-baseline av-milestone-odd'><h2 class='av-milestone-date ' id='milestone-1' ><strong>1<span class='av-milestone-indicator'><\/span><\/strong><\/h2><div class=\"av-milestone-icon-wrap\"><span class='av-milestone-icon milestone_icon avia-font-entypo-fontello'><span class='av-milestone-icon-inner milestone_inner'><i class='milestone-char avia-iconfont avia-font-entypo-fontello' data-av_icon='\ue823' data-av_iconfont='entypo-fontello' ><\/i><\/span><\/span><\/div><article class='av-milestone-content-wrap'><div class='av-milestone-contentbox'><header class=\"entry-content-header\" aria-label=\"Milestone: Sekretariatet\"><h4 class='av-milestone-title '>Sekretariatet<\/h4><\/header><div class='av-milestone-content'><p>Mottar den skriftlige klagen fra organisasjon eller person.<\/p>\n<\/div><\/div><footer class='av-milestone-article-footer entry-footer'><\/footer><\/article><\/li>\n<li  class='av-milestone av-8m3uyx-7ef9fdb0c382aedfdcc099ba5ce4b554 av-animated-generic fade-in av-milestone-valign-baseline av-milestone-even'><h2 class='av-milestone-date ' id='milestone-2' ><strong>2<span class='av-milestone-indicator'><\/span><\/strong><\/h2><div class=\"av-milestone-icon-wrap\"><span class='av-milestone-icon milestone_icon avia-font-entypo-fontello'><span class='av-milestone-icon-inner milestone_inner'><i class='milestone-char avia-iconfont avia-font-entypo-fontello' data-av_icon='\ue837' data-av_iconfont='entypo-fontello' ><\/i><\/span><\/span><\/div><article class='av-milestone-content-wrap'><div class='av-milestone-contentbox'><header class=\"entry-content-header\" aria-label=\"Milestone: Sekretariatet\"><h4 class='av-milestone-title '>Sekretariatet<\/h4><\/header><div class='av-milestone-content'><p>Registrerer klagen i eget system for klagebehandling<\/p>\n<\/div><\/div><footer class='av-milestone-article-footer entry-footer'><\/footer><\/article><\/li>\n<li  class='av-milestone av-7w2seh-a36c70293f294363fb20992a416a8aa4 av-animated-generic fade-in av-milestone-valign-baseline av-milestone-odd'><h2 class='av-milestone-date ' id='milestone-3' ><strong>3<span class='av-milestone-indicator'><\/span><\/strong><\/h2><div class=\"av-milestone-icon-wrap\"><span class='av-milestone-icon milestone_icon avia-font-entypo-fontello'><span class='av-milestone-icon-inner milestone_inner'><i class='milestone-char avia-iconfont avia-font-entypo-fontello' data-av_icon='\ue844' data-av_iconfont='entypo-fontello' ><\/i><\/span><\/span><\/div><article class='av-milestone-content-wrap'><div class='av-milestone-contentbox'><header class=\"entry-content-header\" aria-label=\"Milestone: Sekretariatet\"><h4 class='av-milestone-title '>Sekretariatet<\/h4><\/header><div class='av-milestone-content'><p>Bekrefter mottatt klage med angitt tid for beslutning<\/p>\n<\/div><\/div><footer class='av-milestone-article-footer entry-footer'><\/footer><\/article><\/li>\n<li  class='av-milestone av-6kfgux-5b03124bd4a74f08936fe9cd686e1edf av-animated-generic fade-in av-milestone-valign-baseline av-milestone-even'><h2 class='av-milestone-date ' id='milestone-4' ><strong>4<span class='av-milestone-indicator'><\/span><\/strong><\/h2><div class=\"av-milestone-icon-wrap\"><span class='av-milestone-icon milestone_icon avia-font-entypo-fontello'><span class='av-milestone-icon-inner milestone_inner'><i class='milestone-char avia-iconfont avia-font-entypo-fontello' data-av_icon='\ue84f' data-av_iconfont='entypo-fontello' ><\/i><\/span><\/span><\/div><article class='av-milestone-content-wrap'><div class='av-milestone-contentbox'><header class=\"entry-content-header\" aria-label=\"Milestone: Daglig leder\"><h4 class='av-milestone-title '>Daglig leder<\/h4><\/header><div class='av-milestone-content'><p>Gj\u00f8r unders\u00f8kelser og behandler klagen. Sender klagen med forslag om mulige tiltak som b\u00f8r iverksettes, til Styret for beslutning.<\/p>\n<\/div><\/div><footer class='av-milestone-article-footer entry-footer'><\/footer><\/article><\/li>\n<li  class='av-milestone av-4f31nt-08cc37480df2e44a7380ea61cbc3b7d2 av-animated-generic fade-in av-milestone-valign-baseline av-milestone-odd'><h2 class='av-milestone-date ' id='milestone-5' ><strong>5<span class='av-milestone-indicator'><\/span><\/strong><\/h2><div class=\"av-milestone-icon-wrap\"><span class='av-milestone-icon milestone_icon avia-font-entypo-fontello'><span class='av-milestone-icon-inner milestone_inner'><i class='milestone-char avia-iconfont avia-font-entypo-fontello' data-av_icon='\ue84f' data-av_iconfont='entypo-fontello' ><\/i><\/span><\/span><\/div><article class='av-milestone-content-wrap'><div class='av-milestone-contentbox'><header class=\"entry-content-header\" aria-label=\"Milestone: Styret\"><h4 class='av-milestone-title '>Styret<\/h4><\/header><div class='av-milestone-content'><p>Behandler klagen og avgir innstilling til sekretariatet.<\/p>\n<\/div><\/div><footer class='av-milestone-article-footer entry-footer'><\/footer><\/article><\/li>\n<li  class='av-milestone av-2eh8ft-90f00f59b7861be403fdde58ba108aa3 av-animated-generic fade-in av-milestone-valign-baseline av-milestone-even'><h2 class='av-milestone-date ' id='milestone-6' ><strong>6<span class='av-milestone-indicator'><\/span><\/strong><\/h2><div class=\"av-milestone-icon-wrap\"><span class='av-milestone-icon milestone_icon avia-font-entypo-fontello'><span class='av-milestone-icon-inner milestone_inner'><i class='milestone-char avia-iconfont avia-font-entypo-fontello' data-av_icon='\ue844' data-av_iconfont='entypo-fontello' ><\/i><\/span><\/span><\/div><article class='av-milestone-content-wrap'><div class='av-milestone-contentbox'><header class=\"entry-content-header\" aria-label=\"Milestone: Sekretariatet\"><h4 class='av-milestone-title '>Sekretariatet<\/h4><\/header><div class='av-milestone-content'><p>Sender svar til klager.<\/p>\n<\/div><\/div><footer class='av-milestone-article-footer entry-footer'><\/footer><\/article><\/li>\n<\/ul><\/div><br \/>\n<div  class='av-social-sharing-box av-2r6ert-46c24393e77b7149883019fa1e10eb83 av-social-sharing-box-default  avia-builder-el-7  el_after_av_timeline  avia-builder-el-last  av-social-sharing-box-fullwidth'><div class=\"av-share-box\"><h5 class='av-share-link-description av-no-toc '>Del dette innlegget<\/h5><ul class=\"av-share-box-list noLightbox\"><li class='av-share-link av-social-link-facebook avia_social_iconfont' ><a target=\"_blank\" aria-label=\"Del med Facebook\" href='https:\/\/www.facebook.com\/sharer.php?u=https:\/\/frosio.no\/no\/anker-og-klager\/&#038;t=Anker%20og%20klager' data-av_icon='\ue8f3' data-av_iconfont='entypo-fontello'  title='' data-avia-related-tooltip='Del med Facebook'><span class='avia_hidden_link_text'>Del med Facebook<\/span><\/a><\/li><li class='av-share-link av-social-link-twitter avia_social_iconfont' ><a target=\"_blank\" aria-label=\"Del med X\" href='https:\/\/twitter.com\/share?text=Anker%20og%20klager&#038;url=https:\/\/frosio.no\/no\/?p=1065' data-av_icon='\ue932' data-av_iconfont='entypo-fontello'  title='' data-avia-related-tooltip='Del med X'><span class='avia_hidden_link_text'>Del med X<\/span><\/a><\/li><li class='av-share-link av-social-link-whatsapp avia_social_iconfont' ><a target=\"_blank\" aria-label=\"Share on WhatsApp\" href='https:\/\/api.whatsapp.com\/send?text=https:\/\/frosio.no\/no\/anker-og-klager\/' data-av_icon='\uf232' data-av_iconfont='entypo-fontello'  title='' data-avia-related-tooltip='Share on WhatsApp'><span class='avia_hidden_link_text'>Share on WhatsApp<\/span><\/a><\/li><li class='av-share-link av-social-link-pinterest avia_social_iconfont' ><a target=\"_blank\" aria-label=\"Del med Pinterest\" href='https:\/\/pinterest.com\/pin\/create\/button\/?url=https%3A%2F%2Ffrosio.no%2Fno%2Fanker-og-klager%2F&#038;description=Anker%20og%20klager&#038;media=' data-av_icon='\ue8f8' data-av_iconfont='entypo-fontello'  title='' data-avia-related-tooltip='Del med Pinterest'><span class='avia_hidden_link_text'>Del med Pinterest<\/span><\/a><\/li><li class='av-share-link av-social-link-linkedin avia_social_iconfont' ><a target=\"_blank\" aria-label=\"Del med LinkedIn\" href='https:\/\/linkedin.com\/shareArticle?mini=true&#038;title=Anker%20og%20klager&#038;url=https:\/\/frosio.no\/no\/anker-og-klager\/' data-av_icon='\ue8fc' data-av_iconfont='entypo-fontello'  title='' data-avia-related-tooltip='Del med LinkedIn'><span class='avia_hidden_link_text'>Del med LinkedIn<\/span><\/a><\/li><li class='av-share-link av-social-link-tumblr avia_social_iconfont' ><a target=\"_blank\" aria-label=\"Del med Tumblr\" href='https:\/\/www.tumblr.com\/share\/link?url=https%3A%2F%2Ffrosio.no%2Fno%2Fanker-og-klager%2F&#038;name=Anker%20og%20klager&#038;description=' data-av_icon='\ue8fa' data-av_iconfont='entypo-fontello'  title='' data-avia-related-tooltip='Del med Tumblr'><span class='avia_hidden_link_text'>Del med Tumblr<\/span><\/a><\/li><li class='av-share-link av-social-link-vk avia_social_iconfont' ><a target=\"_blank\" aria-label=\"Del med Vk\" href='https:\/\/vk.com\/share.php?url=https:\/\/frosio.no\/no\/anker-og-klager\/' data-av_icon='\ue926' data-av_iconfont='entypo-fontello'  title='' data-avia-related-tooltip='Del med Vk'><span class='avia_hidden_link_text'>Del med Vk<\/span><\/a><\/li><li class='av-share-link av-social-link-reddit avia_social_iconfont' ><a target=\"_blank\" aria-label=\"Del med Reddit\" href='https:\/\/reddit.com\/submit?url=https:\/\/frosio.no\/no\/anker-og-klager\/&#038;title=Anker%20og%20klager' data-av_icon='\ue927' data-av_iconfont='entypo-fontello'  title='' data-avia-related-tooltip='Del med Reddit'><span class='avia_hidden_link_text'>Del med Reddit<\/span><\/a><\/li><li class='av-share-link av-social-link-mail avia_social_iconfont' ><a  aria-label=\"Del med epost\" href='mailto:?subject=Anker%20og%20klager&#038;body=https:\/\/frosio.no\/no\/anker-og-klager\/' data-av_icon='\ue805' data-av_iconfont='entypo-fontello'  title='' data-avia-related-tooltip='Del med epost'><span class='avia_hidden_link_text'>Del med epost<\/span><\/a><\/li><\/ul><\/div><\/div><\/p><\/div>\n","protected":false},"excerpt":{"rendered":"","protected":false},"author":1,"featured_media":0,"parent":0,"menu_order":0,"comment_status":"closed","ping_status":"closed","template":"","meta":{"footnotes":""},"class_list":["post-1065","page","type-page","status-publish","hentry"],"_links":{"self":[{"href":"https:\/\/frosio.no\/no\/wp-json\/wp\/v2\/pages\/1065","targetHints":{"allow":["GET"]}}],"collection":[{"href":"https:\/\/frosio.no\/no\/wp-json\/wp\/v2\/pages"}],"about":[{"href":"https:\/\/frosio.no\/no\/wp-json\/wp\/v2\/types\/page"}],"author":[{"embeddable":true,"href":"https:\/\/frosio.no\/no\/wp-json\/wp\/v2\/users\/1"}],"replies":[{"embeddable":true,"href":"https:\/\/frosio.no\/no\/wp-json\/wp\/v2\/comments?post=1065"}],"version-history":[{"count":6,"href":"https:\/\/frosio.no\/no\/wp-json\/wp\/v2\/pages\/1065\/revisions"}],"predecessor-version":[{"id":1096,"href":"https:\/\/frosio.no\/no\/wp-json\/wp\/v2\/pages\/1065\/revisions\/1096"}],"wp:attachment":[{"href":"https:\/\/frosio.no\/no\/wp-json\/wp\/v2\/media?parent=1065"}],"curies":[{"name":"wp","href":"https:\/\/api.w.org\/{rel}","templated":true}]}}